{"id":122,"date":"2014-06-19T21:59:56","date_gmt":"2014-06-19T19:59:56","guid":{"rendered":"http:\/\/villa-dahlem.de\/cms\/?page_id=122"},"modified":"2024-12-19T23:05:12","modified_gmt":"2024-12-19T21:05:12","slug":"impressum","status":"publish","type":"page","link":"https:\/\/villa-dahlem.de\/cms\/impressum\/","title":{"rendered":"Impressum"},"content":{"rendered":"<div data-colibri-id=\"122-c1\" class=\"style-799 style-local-122-c1 position-relative\">\n  <!---->\n  <div data-colibri-component=\"section\" data-colibri-id=\"122-c2\" id=\"custom\" class=\"h-section h-section-global-spacing d-flex align-items-lg-center align-items-md-center align-items-center style-805 style-local-122-c2 position-relative\">\n    <!---->\n    <div class=\"h-separator\" style=\"height: 238px; top: calc(-1px);\">\n      <svg style=\"fill:rgb(125, 25, 30);\" xmlns=\"http:\/\/www.w3.org\/2000\/svg\" viewBox=\"0 0 423.98 306.76\" preserveAspectRatio=\"xMaxYMin meet\">\n        <path d=\"M424,0V306.76C373.23,145.82,244.5,0,0,0Z\" transform=\"translate(0)\"><\/path>\n      <\/svg>\n    <\/div>\n    <div class=\"h-separator\" style=\"height: 236px; bottom: calc(-1px);\">\n      <svg style=\"fill:rgb(125, 25, 30);transform:rotateX(180deg);\" xmlns=\"http:\/\/www.w3.org\/2000\/svg\" viewBox=\"0 0 423.98 306.76\" preserveAspectRatio=\"xMinYMin meet\">\n        <path d=\"M0,0V306.76C50.75,145.82,179.48,0,424,0Z\" transform=\"translate(0)\"><\/path>\n      <\/svg>\n    <\/div>\n    <div class=\"h-section-grid-container h-section-boxed-container\">\n      <!---->\n      <div data-colibri-id=\"122-c3\" class=\"h-row-container gutters-row-lg-1 gutters-row-md-1 gutters-row-1 gutters-row-v-lg-1 gutters-row-v-md-1 gutters-row-v-1 style-806 style-local-122-c3 position-relative\">\n        <!---->\n        <div class=\"h-row justify-content-lg-center justify-content-md-center justify-content-center align-items-lg-stretch align-items-md-stretch align-items-stretch gutters-col-lg-1 gutters-col-md-1 gutters-col-1 gutters-col-v-lg-1 gutters-col-v-md-1 gutters-col-v-1\">\n          <!---->\n          <div class=\"h-column h-column-container d-flex h-col-lg-auto h-col-md-auto h-col-auto style-807-outer style-local-122-c4-outer\">\n            <div data-colibri-id=\"122-c4\" class=\"d-flex h-flex-basis h-column__inner h-px-lg-2 h-px-md-2 h-px-1 v-inner-lg-2 v-inner-md-2 v-inner-1 style-807 style-local-122-c4 position-relative\">\n              <!---->\n              <!---->\n              <div class=\"w-100 h-y-container h-column__content h-column__v-align flex-basis-100 align-self-lg-start align-self-md-start align-self-start\">\n                <!---->\n                <div data-colibri-id=\"122-c5\" class=\"h-text h-text-component style-808 style-local-122-c5 position-relative h-element\">\n                  <!---->\n                  <!---->\n                  <div class=\"\">\n                    <p><span style=\"font-family: &quot;Open Sans&quot;;\">PD Dr. med. habil. Marietta Hopf<\/span><\/p>\n                    <p><span style=\"font-family: &quot;Open Sans&quot;;\">Grunewaldstra\u00dfe 40 \/ 12165 Berlin<\/span><\/p>\n                    <p><span style=\"font-family: &quot;Open Sans&quot;;\">Telefon: +49 30 844 169 180 \/ Telefax: +49 30 844 169 189<\/span><\/p>\n                    <p><span style=\"font-family: &quot;Open Sans&quot;;\">E-Mail:&nbsp;<span \n                data-original-string=\"Kmis+oLTMbYda44azrtZ4g==3bdlzNdaD8CWXSwdUA15HoqKXoAr06TVTAErIBkq2zVNyE=\"\n                class=\"apbct-email-encoder\"\n                title=\"Dieser Kontakt wurde von Anti-Spam by CleanTalk verschl\u00fcsselt. Klicken Sie hier, um ihn zu entschl\u00fcsseln. Um die Entschl\u00fcsselung abzuschlie\u00dfen, stellen Sie sicher, dass JavaScript in Ihrem Browser aktiviert ist.\">in<span class=\"apbct-blur\">**@vi**********.<\/span>de<\/span> \/ Internet: www.villa-dahlem.de<\/span><\/p>\n                    <p><span style=\"font-weight: 300; font-size: 16px; font-family: &quot;Open Sans&quot;; color: rgb(32, 42, 84);\">Zust\u00e4ndige Aufsichtsbeh\u00f6rde: \u00c4rztekammer Berlin, Friedrichstr. 16, 10969 Berlin <\/span><\/p>\n                    <p><span style=\"font-weight: 300; font-size: 16px; font-family: &quot;Open Sans&quot;; color: rgb(32, 42, 84);\">Berufsbezeichnung: Fach\u00e4rztin f\u00fcr Hals \u2013 Nasen \u2013 Ohrenheilkunde (verliehen in der Bundesrepublik Deutschland) <\/span><\/p>\n                    <p><span style=\"font-weight: 300; font-size: 16px; font-family: &quot;Open Sans&quot;; color: rgb(32, 42, 84);\">Berufsordnung der \u00c4rztekammer Berlin \/ Internet:&nbsp;<\/span>\n                      <a href=\"http:\/\/www.aerztekammer-berlin.de\" target=\"_blank\" rel=\"noopener noreferrer\"\n                        style=\"font-weight: 300; font-size: 16px; font-family: &quot;Open Sans&quot;; color: rgb(32, 42, 84);\" class=\"customize-unpreviewable\">www.aerztekammer-berlin.de<\/a>\n                    <\/p>\n                    <p><span style=\"font-family: &quot;Open Sans&quot;;\">Inhaltlich Verantwortlicher gem\u00e4\u00df \u00a7 55 Absatz 2 RStV: PD Dr. med. habil. Marietta Hopf<\/span><\/p>\n                  <\/div>\n                <\/div>\n              <\/div>\n            <\/div>\n          <\/div>\n        <\/div>\n      <\/div>\n    <\/div>\n  <\/div>\n<\/div>","protected":false},"excerpt":{"rendered":"<p>PD Dr. med. habil. Marietta Hopf Grunewaldstra\u00dfe 40 \/ 12165 Berlin Telefon: +49 30 844 169 180 \/ Telefax: +49 30 844 169 189 E-Mail:&nbsp;in**@vi**********.de \/ Internet: www.villa-dahlem.de Zust\u00e4ndige Aufsichtsbeh\u00f6rde: \u00c4rztekammer Berlin, Friedrichstr. 16, 10969 Berlin Berufsbezeichnung: Fach\u00e4rztin f\u00fcr Hals \u2013 Nasen \u2013 Ohrenheilkunde (verliehen in der Bundesrepublik Deutschland) Berufsordnung der \u00c4rztekammer Berlin \/ Internet:&nbsp; [&hellip;]<\/p>\n","protected":false},"author":2,"featured_media":0,"parent":0,"menu_order":0,"comment_status":"closed","ping_status":"open","template":"page-templates\/full-width-page.php","meta":{"_glsr_average":0,"_glsr_ranking":0,"_glsr_reviews":0,"footnotes":""},"class_list":["post-122","page","type-page","status-publish","hentry"],"_links":{"self":[{"href":"https:\/\/villa-dahlem.de\/cms\/wp-json\/wp\/v2\/pages\/122","targetHints":{"allow":["GET"]}}],"collection":[{"href":"https:\/\/villa-dahlem.de\/cms\/wp-json\/wp\/v2\/pages"}],"about":[{"href":"https:\/\/villa-dahlem.de\/cms\/wp-json\/wp\/v2\/types\/page"}],"author":[{"embeddable":true,"href":"https:\/\/villa-dahlem.de\/cms\/wp-json\/wp\/v2\/users\/2"}],"replies":[{"embeddable":true,"href":"https:\/\/villa-dahlem.de\/cms\/wp-json\/wp\/v2\/comments?post=122"}],"version-history":[{"count":7,"href":"https:\/\/villa-dahlem.de\/cms\/wp-json\/wp\/v2\/pages\/122\/revisions"}],"predecessor-version":[{"id":5736,"href":"https:\/\/villa-dahlem.de\/cms\/wp-json\/wp\/v2\/pages\/122\/revisions\/5736"}],"wp:attachment":[{"href":"https:\/\/villa-dahlem.de\/cms\/wp-json\/wp\/v2\/media?parent=122"}],"curies":[{"name":"wp","href":"https:\/\/api.w.org\/{rel}","templated":true}]}}