{"id":182,"date":"2014-06-25T13:59:16","date_gmt":"2014-06-25T11:59:16","guid":{"rendered":"http:\/\/villa-dahlem.de\/cms\/?page_id=182"},"modified":"2014-06-25T13:59:16","modified_gmt":"2014-06-25T11:59:16","slug":"vita-marietta-hopf","status":"publish","type":"page","link":"https:\/\/villa-dahlem.de\/cms\/vita-marietta-hopf\/","title":{"rendered":"Vita Marietta Hopf"},"content":{"rendered":"<p><span style=\"text-decoration: underline;\"><strong>PD Dr. med. habil. Marietta Hopf<\/strong><\/span><br \/>\n<a title=\"\u00c4rzte\" href=\"https:\/\/villa-dahlem.de\/cms\/aerzte\/\">zur\u00fcck zu &#8222;\u00c4rzte&#8220; <span class=\"fussnote\"><span class=\"fussnote\"><br \/>\n<\/span><\/span><\/a><\/p>\n<p><span style=\"text-decoration: underline;\"><em>VITA<\/em><\/span><\/p>\n\n<table id=\"tablepress-1\" class=\"tablepress tablepress-id-1\">\n<tbody>\n<tr class=\"row-1\">\n\t<td class=\"column-1\">1977 - 1984<\/td><td class=\"column-2\">Studium der Medizin an der Freien Universit\u00e4t Berlin<br \/>\n<\/td>\n<\/tr>\n<tr class=\"row-2\">\n\t<td class=\"column-1\">1985 - 1987<\/td><td class=\"column-2\">Wissenschaftliche Mitarbeiterin am Institut f\u00fcr Anatomie und<br \/>\nEmbryonalpharmakologie der Freien Universit\u00e4t Berlin<\/td>\n<\/tr>\n<tr class=\"row-3\">\n\t<td class=\"column-1\">seit 1987<\/td><td class=\"column-2\">Wissenschaftliche Mitarbeiterin Hals-Nasen-Ohren-Klinik und<br \/>\nPolikliniken Universit\u00e4t - Klinikum Benjamin Franklin der Freien Universit\u00e4t Berlin<\/td>\n<\/tr>\n<tr class=\"row-4\">\n\t<td class=\"column-1\">seit 1988<\/td><td class=\"column-2\">Gastwissenschaftlerin am Institut f\u00fcr Medizinische Physik und<br \/>\nLasermedizin der Freien Universit\u00e4t Berlin<\/td>\n<\/tr>\n<tr class=\"row-5\">\n\t<td class=\"column-1\">1993<\/td><td class=\"column-2\">Facharztanerkennung HNO<\/td>\n<\/tr>\n<tr class=\"row-6\">\n\t<td class=\"column-1\">1993 - 2003<\/td><td class=\"column-2\">Ober\u00e4rztin der Hals-Nasen-Ohren-Klinik und Polikliniken der Charit\u00e9<br \/>\nBerlin, Standort: Universit\u00e4tsklinikum Benjamin Franklin<\/td>\n<\/tr>\n<tr class=\"row-7\">\n\t<td class=\"column-1\">1998<\/td><td class=\"column-2\">Zusatzqualifikation \u201eSpezielle HNO Chirurgie\u201c<\/td>\n<\/tr>\n<tr class=\"row-8\">\n\t<td class=\"column-1\">2003<\/td><td class=\"column-2\">Zusatzqualifikation \u201ePlastische Operation\u201c<\/td>\n<\/tr>\n<tr class=\"row-9\">\n\t<td class=\"column-1\">Seit 2003<\/td><td class=\"column-2\">erste eigene Facharzt-Praxis f\u00fcr Hals-Nasen-Ohrenheilkunde, endonasale Laserchirugie und \u00c4sthetische Medizin <\/td>\n<\/tr>\n<\/tbody>\n<\/table>\n<!-- #tablepress-1 from cache -->\n<p><span style=\"text-decoration: underline;\"><em>LEHRT\u00c4TIGKEITEN<\/em><\/span><\/p>\n\n<table id=\"tablepress-2\" class=\"tablepress tablepress-id-2\">\n<tbody>\n<tr class=\"row-1\">\n\t<td class=\"column-1\">2001<\/td><td class=\"column-2\">Verleihung der Lehrbef\u00e4higung und Lehrbefugnis f\u00fcr das Fach Lasermedizin an der Freien Universit\u00e4t Berlin im Fachbereich Lasermedizin \/ Biomedizinische Technik<\/td>\n<\/tr>\n<tr class=\"row-2\">\n\t<td class=\"column-1\">Seit 2001<\/td><td class=\"column-2\">Dozentin f\u00fcr HNO \u2013 Vorlesungen der Zahnmediziner und Abnahme der Staatsexamen f\u00fcr das Fach HNO<br \/>\n<\/td>\n<\/tr>\n<tr class=\"row-3\">\n\t<td class=\"column-1\">Seit 2003<\/td><td class=\"column-2\">Pr\u00fcferin der \u00c4rztekammer Berlin<br \/>\nDurchf\u00fchrung von Facharztpr\u00fcfungen HNO und Zusatzbezeichnung Plastische Operationen\/Spezielle HNO - Chirurgie<\/td>\n<\/tr>\n<\/tbody>\n<\/table>\n<!-- #tablepress-2 from cache -->\n<p><span style=\"text-decoration: underline;\"><em>FORSCHUNGSSCHWERPUNKTE<\/em><\/span><\/p>\n<p><span class=\"ds14 fliesstext\"><span class=\"ds10\">\n<table id=\"tablepress-3\" class=\"tablepress tablepress-id-3\">\n<tbody>\n<tr class=\"row-1\">\n\t<td class=\"column-1\">Seit 1987<\/td><td class=\"column-2\">Funktionell endoskopische endonasale Laserchirurgie (FEELS),<br \/>\nminimalinvasive Diagnostik und therapeutische Verfahren<\/td>\n<\/tr>\n<tr class=\"row-2\">\n\t<td class=\"column-1\">1994 - 2003<\/td><td class=\"column-2\">Mitarbeit im Forschungsprojekt \u201eDie mikroendoskopisch kontrollierte<br \/>\nLaserchirurgie der Eustachischen R\u00f6hre\u201c,  Wirkung von Laserstrahlen<br \/>\nauf Zellen und Gewebe<\/td>\n<\/tr>\n<\/tbody>\n<\/table>\n<!-- #tablepress-3 from cache --><\/span><\/span><\/p>\n<p><span class=\"ds14 fliesstext\"><span class=\"ds10\"><span style=\"text-decoration: underline;\"><em>MITGLIEDSCHAFT IN FACHGESELLSCHAFTEN<\/em><\/span><br \/>\n&#8211; Deutsche Gesellschaft f\u00fcr Hals-Nasen-Ohrenheilkunde, Kopf- und Halschirurgie<br \/>\n&#8211; Oto-laryngologische Gesellschaft zu Berlin<br \/>\n&#8211; Deutsche Gesellschaft f\u00fcr Lasermedizin<br \/>\n&#8211; Internationale Gesellschaft f\u00fcr \u00c4sthetische Medizin<br \/>\n&#8211; Deutsche Gesellschaft f\u00fcr Allergologie und klinische Immunologie<br \/>\n&#8211; ELAS e.V. (European Laser &amp; Aesthetic Surgery)<br \/>\n&#8211; Marburger Bund<br \/>\n&#8211; Hartmannbund<br \/>\n&#8211; DGBT (Deutsche Gesellschaft f\u00fcr \u00c4sthetische Botulinumtoxin-Therapie e.V.)<\/span><\/span><\/p>\n<p><a title=\"\u00c4rzte\" href=\"https:\/\/villa-dahlem.de\/cms\/aerzte\/\">zur\u00fcck zu &#8222;\u00c4rzte&#8220;<\/a><\/p>\n","protected":false},"excerpt":{"rendered":"<p>PD Dr. med. habil. Marietta Hopf zur\u00fcck zu &#8222;\u00c4rzte&#8220; VITA LEHRT\u00c4TIGKEITEN FORSCHUNGSSCHWERPUNKTE MITGLIEDSCHAFT IN FACHGESELLSCHAFTEN &#8211; Deutsche Gesellschaft f\u00fcr Hals-Nasen-Ohrenheilkunde, Kopf- und Halschirurgie &#8211; Oto-laryngologische Gesellschaft zu Berlin &#8211; Deutsche Gesellschaft f\u00fcr Lasermedizin &#8211; Internationale Gesellschaft f\u00fcr \u00c4sthetische Medizin &#8211; Deutsche Gesellschaft f\u00fcr Allergologie und klinische Immunologie &#8211; ELAS e.V. (European Laser &amp; Aesthetic Surgery) [&hellip;]<\/p>\n","protected":false},"author":2,"featured_media":0,"parent":0,"menu_order":0,"comment_status":"open","ping_status":"open","template":"","meta":{"_glsr_average":0,"_glsr_ranking":0,"_glsr_reviews":0,"footnotes":""},"class_list":["post-182","page","type-page","status-publish","hentry"],"_links":{"self":[{"href":"https:\/\/villa-dahlem.de\/cms\/wp-json\/wp\/v2\/pages\/182","targetHints":{"allow":["GET"]}}],"collection":[{"href":"https:\/\/villa-dahlem.de\/cms\/wp-json\/wp\/v2\/pages"}],"about":[{"href":"https:\/\/villa-dahlem.de\/cms\/wp-json\/wp\/v2\/types\/page"}],"author":[{"embeddable":true,"href":"https:\/\/villa-dahlem.de\/cms\/wp-json\/wp\/v2\/users\/2"}],"replies":[{"embeddable":true,"href":"https:\/\/villa-dahlem.de\/cms\/wp-json\/wp\/v2\/comments?post=182"}],"version-history":[{"count":0,"href":"https:\/\/villa-dahlem.de\/cms\/wp-json\/wp\/v2\/pages\/182\/revisions"}],"wp:attachment":[{"href":"https:\/\/villa-dahlem.de\/cms\/wp-json\/wp\/v2\/media?parent=182"}],"curies":[{"name":"wp","href":"https:\/\/api.w.org\/{rel}","templated":true}]}}