{"id":59,"date":"2014-06-19T14:28:54","date_gmt":"2014-06-19T12:28:54","guid":{"rendered":"http:\/\/villa-dahlem.de\/cms\/?page_id=59"},"modified":"2014-06-19T14:28:54","modified_gmt":"2014-06-19T12:28:54","slug":"nasenatmungsbehinderung","status":"publish","type":"page","link":"https:\/\/villa-dahlem.de\/cms\/nasenatmungsbehinderung\/","title":{"rendered":"Nasenatmungsbehinderung"},"content":{"rendered":"<p>Eine Nasenatmungsbehinderung wird h\u00e4ufig durch vergr\u00f6\u00dferte Nasenmuscheln, Nasenpolypen oder einer schiefen Nasenscheidewand verursacht.<br \/>\nMit dem Diodenlaser werden unter endoskopischer Kontrolle vergr\u00f6\u00dferte Nasenmuscheln verkleinert und Nasenpolypen abgetragen. Verbiegungen der knorpeligen Nasenscheidewand lassen sich mit dem CO2 Laser beheben.<br \/>\nDiese Eingriffe k\u00f6nnen schonend und nahezu schmerzfrei in Oberfl\u00e4chenbet\u00e4ubung der Nase (\u00f6rtlicher Bet\u00e4ubung) ambulant in meiner Praxis durchgef\u00fchrt werden und k\u00f6nnen zu einer deutlichen Verbesserung der Nasenatmung f\u00fchren. Nach dem kurzen Eingriff kann der Patient sofort seiner gewohnten Alltagst\u00e4tigkeit nachgehen. Vorteil dieses Eingriffs ist die gewebeschonende und weitgehend blutungsfreie Vorgehungsweise. Auch Patienten, die blut verd\u00fcnnende Medikamente nehmen m\u00fcssen, k\u00f6nnen ohne eine vorherige \u00c4nderung ihrer Medikamenteneinnahme mit dem Laser behandelt werden.<br \/>\nBei stark ausgepr\u00e4gten Befunden ist es erforderlich, dass eine station\u00e4re Behandlung in Vollnarkose durchgef\u00fchrt werden muss. Diese Eingriffe werden ebenfalls unter endoskopischer Kontrolle, Laser unterst\u00fctzt, im Parksanatorium Dahlem von mir vorgenommen. Der Aufenthalt in der Klinik betr\u00e4gt hierbei zwischen 2 und 3 Tagen.<\/p>\n","protected":false},"excerpt":{"rendered":"<p>Eine Nasenatmungsbehinderung wird h\u00e4ufig durch vergr\u00f6\u00dferte Nasenmuscheln, Nasenpolypen oder einer schiefen Nasenscheidewand verursacht. Mit dem Diodenlaser werden unter endoskopischer Kontrolle vergr\u00f6\u00dferte Nasenmuscheln verkleinert und Nasenpolypen abgetragen. Verbiegungen der knorpeligen Nasenscheidewand lassen sich mit dem CO2 Laser beheben. Diese Eingriffe k\u00f6nnen schonend und nahezu schmerzfrei in Oberfl\u00e4chenbet\u00e4ubung der Nase (\u00f6rtlicher Bet\u00e4ubung) ambulant in meiner Praxis durchgef\u00fchrt [&hellip;]<\/p>\n","protected":false},"author":2,"featured_media":0,"parent":0,"menu_order":0,"comment_status":"open","ping_status":"open","template":"","meta":{"_glsr_average":0,"_glsr_ranking":0,"_glsr_reviews":0,"footnotes":""},"class_list":["post-59","page","type-page","status-publish","hentry"],"_links":{"self":[{"href":"https:\/\/villa-dahlem.de\/cms\/wp-json\/wp\/v2\/pages\/59","targetHints":{"allow":["GET"]}}],"collection":[{"href":"https:\/\/villa-dahlem.de\/cms\/wp-json\/wp\/v2\/pages"}],"about":[{"href":"https:\/\/villa-dahlem.de\/cms\/wp-json\/wp\/v2\/types\/page"}],"author":[{"embeddable":true,"href":"https:\/\/villa-dahlem.de\/cms\/wp-json\/wp\/v2\/users\/2"}],"replies":[{"embeddable":true,"href":"https:\/\/villa-dahlem.de\/cms\/wp-json\/wp\/v2\/comments?post=59"}],"version-history":[{"count":0,"href":"https:\/\/villa-dahlem.de\/cms\/wp-json\/wp\/v2\/pages\/59\/revisions"}],"wp:attachment":[{"href":"https:\/\/villa-dahlem.de\/cms\/wp-json\/wp\/v2\/media?parent=59"}],"curies":[{"name":"wp","href":"https:\/\/api.w.org\/{rel}","templated":true}]}}